{"id":19,"date":"2024-06-15T08:19:44","date_gmt":"2024-06-15T12:19:44","guid":{"rendered":"https:\/\/micalemillingtoolsve.com\/?page_id=19"},"modified":"2024-07-04T11:55:56","modified_gmt":"2024-07-04T15:55:56","slug":"nosotros","status":"publish","type":"page","link":"https:\/\/micalemillingtoolsve.com\/en\/nosotros\/","title":{"rendered":"COMPANY"},"content":{"rendered":"<div class=\"wp-block-query is-layout-flow wp-block-query-is-layout-flow\">\n<div class=\"wp-block-stackable-columns stk-block-columns stk-block stk-f2c708b\" data-block-id=\"f2c708b\"><style>.stk-f2c708b{margin-bottom:9px !important}<\/style><div class=\"stk-row stk-inner-blocks stk-block-content stk-content-align stk-f2c708b-column\">\n<div class=\"wp-block-stackable-column stk-block-column stk-column stk-block stk-8912b8b\" data-v=\"4\" data-block-id=\"8912b8b\"><div class=\"stk-column-wrapper stk-block-column__content stk-container stk-8912b8b-container stk--no-background stk--no-padding\"><div class=\"stk-block-content stk-inner-blocks stk-8912b8b-inner-blocks\"><\/div><\/div><\/div>\n<\/div><\/div>\n\n\n\n<div class=\"wp-block-stackable-feature alignfull stk-block-feature stk-block stk-90818c4 is-style-default\" data-v=\"2\" data-block-id=\"90818c4\"><style>.stk-90818c4{margin-top:-10px !important;margin-right:-6px !important}.stk-90818c4-container{min-height:371px !important}.stk-90818c4-column{--stk-columns-spacing:6px !important;--stk-feature-flex-wrap:wrap !important;--stk-flex-grow:0 !important}<\/style><div class=\"stk-content-align stk-90818c4-column alignfull stk-container stk-90818c4-container stk-hover-parent\"><div class=\"stk-inner-blocks stk-block-content stk-row\">\n<div class=\"wp-block-stackable-column stk-block-column stk-column stk-block stk-1bd9369\" data-v=\"4\" data-block-id=\"1bd9369\"><style>.stk-1bd9369{align-self:center !important}@media screen and (min-width:690px){.stk-1bd9369{flex:var(--stk-flex-grow,1) 1 calc(46% - var(--stk-column-gap,0px) * 1 \/ 2 ) !important}}<\/style><div class=\"stk-column-wrapper stk-block-column__content stk-container stk-1bd9369-container stk--no-background stk--no-padding\"><div class=\"stk-block-content stk-inner-blocks stk-1bd9369-inner-blocks\">\n<div class=\"wp-block-stackable-heading stk-block-heading stk-block-heading--v2 stk-block stk-96a4436\" id=\"quienes-somos\" data-block-id=\"96a4436\"><h2 class=\"stk-block-heading__text has-text-align-center\">About us<\/h2><\/div>\n\n\n\n<div class=\"wp-block-stackable-text stk-block-text stk-block stk-6a93b27\" data-block-id=\"6a93b27\"><p class=\"stk-block-text__text has-text-align-justify\">MICALE MILLING TOOLS C.A. es una Empresa Venezolana, fundada en noviembre del 2001. Dedicada a la fabricaci\u00f3n de piezas metalmec\u00e1nica en general, reparaci\u00f3n, fabricaci\u00f3n de roscas y herramientas de perforaci\u00f3n para la <a href=\"http:\/\/www.pdvsa.com\/index.php?option=com_content&amp;view=article&amp;id=8917&amp;Itemid=569&amp;lang=es\" target=\"_blank\" rel=\"noopener\" title=\"\">industria petrolera naciona<\/a>l. Alquiler de herramientas petroleras. Todo tipo de soldadura especializada, mantenimientos correctivos y preventivos.<\/p><\/div>\n<\/div><\/div><\/div>\n\n\n\n<div class=\"wp-block-stackable-column stk-block-column stk-column stk-block stk-9b13dcc\" data-v=\"4\" data-block-id=\"9b13dcc\"><style>.stk-9b13dcc{align-self:center !important}@media screen and (min-width:690px){.stk-9b13dcc{flex:var(--stk-flex-grow,1) 1 calc(50% - var(--stk-column-gap,0px) * 1 \/ 2 ) !important}}<\/style><div class=\"stk-column-wrapper stk-block-column__content stk-container stk-9b13dcc-container stk--no-background stk--no-padding\"><div class=\"stk-block-content stk-inner-blocks stk-9b13dcc-inner-blocks\">\n<div class=\"wp-block-stackable-image stk-block-image stk-block stk-f2a2f29\" data-block-id=\"f2a2f29\"><style>.stk-f2a2f29 .stk-img-wrapper{width:100% !important;height:262px !important}<\/style><figure><span class=\"stk-img-wrapper stk-image--shape-stretch\"><img decoding=\"async\" class=\"stk-img wp-image-817\" src=\"https:\/\/micalemillingtoolsve.com\/wp-content\/uploads\/2024\/06\/instalaciones-micale-milling-tools-C.A.webp\" width=\"100\" height=\"262\"\/><\/span><\/figure><\/div>\n<\/div><\/div><\/div>\n<\/div><\/div><\/div>\n<\/div>\n\n\n\n<div class=\"wp-block-stackable-feature stk-block-feature stk-block stk-ab6cd16 stk-block-background is-style-default\" data-v=\"2\" data-block-id=\"ab6cd16\"><style>.stk-ab6cd16{background-color:var(--theme-palette-color-6,#f9fafb) !important}.stk-ab6cd16:before{background-color:var(--theme-palette-color-6,#f9fafb) !important}<\/style><div class=\"stk-content-align stk-ab6cd16-column stk-container stk-ab6cd16-container stk--no-background stk--no-padding\"><div class=\"stk-inner-blocks stk-block-content stk-row\">\n<div class=\"wp-block-stackable-column stk-block-column stk-column stk-block stk-9cd5f33\" data-v=\"4\" data-block-id=\"9cd5f33\"><style>.stk-9cd5f33{align-self:center !important}<\/style><div class=\"stk-column-wrapper stk-block-column__content stk-container stk-9cd5f33-container stk--no-background stk--no-padding\"><div class=\"stk-block-content stk-inner-blocks stk-9cd5f33-inner-blocks\">\n<div class=\"wp-block-stackable-image stk-block-image stk-block stk-bccd743\" data-block-id=\"bccd743\"><figure><span class=\"stk-img-wrapper stk-image--shape-stretch\"><img fetchpriority=\"high\" decoding=\"async\" class=\"stk-img wp-image-818\" src=\"https:\/\/micalemillingtoolsve.com\/wp-content\/uploads\/2024\/06\/trabajos-en-exteriores.webp\" width=\"489\" height=\"326\" srcset=\"https:\/\/micalemillingtoolsve.com\/wp-content\/uploads\/2024\/06\/trabajos-en-exteriores.webp 489w, https:\/\/micalemillingtoolsve.com\/wp-content\/uploads\/2024\/06\/trabajos-en-exteriores-300x200.webp 300w\" sizes=\"(max-width: 489px) 100vw, 489px\" \/><\/span><\/figure><\/div>\n<\/div><\/div><\/div>\n\n\n\n<div class=\"wp-block-stackable-column stk-block-column stk-column stk-block stk-a660cbe\" data-v=\"4\" data-block-id=\"a660cbe\"><style>.stk-a660cbe{align-self:center !important}<\/style><div class=\"stk-column-wrapper stk-block-column__content stk-container stk-a660cbe-container stk--no-background stk--no-padding\"><div class=\"stk-block-content stk-inner-blocks stk-a660cbe-inner-blocks\">\n<div class=\"wp-block-stackable-heading stk-block-heading stk-block-heading--v2 stk-block stk-a4250b0\" id=\"vision\" data-block-id=\"a4250b0\"><style>@media screen and (max-width:999px){.stk-a4250b0{margin-bottom:0px !important}}<\/style><h2 class=\"stk-block-heading__text has-text-align-center\">Vision<\/h2><\/div>\n\n\n\n<div class=\"wp-block-stackable-text stk-block-text stk-block stk-b67311f\" data-block-id=\"b67311f\"><style>@media screen and (max-width:999px){.stk-b67311f{margin-bottom:26px !important}}<\/style><p class=\"stk-block-text__text has-text-align-justify\">\u201cOur goal is to become the largest and most consolidated company on a national and international level, and become the principal suppliers of high quality industrial tools\u201d<\/p><\/div>\n\n\n\n<div class=\"wp-block-stackable-heading stk-block-heading stk-block-heading--v2 stk-block stk-889c1f2\" id=\"mision\" data-block-id=\"889c1f2\"><style>@media screen and (max-width:999px){.stk-889c1f2{margin-bottom:0px !important}}<\/style><h2 class=\"stk-block-heading__text has-text-align-center\">Mission<\/h2><\/div>\n\n\n\n<div class=\"wp-block-stackable-text stk-block-text stk-block stk-82b20d8\" data-block-id=\"82b20d8\"><p class=\"stk-block-text__text has-text-align-justify\">Satisfy customer needs, improving production standards day by day.<\/p><\/div>\n<\/div><\/div><\/div>\n<\/div><\/div><\/div>\n\n\n\n<div class=\"wp-block-stackable-columns stk-block-columns stk-block stk-683150d\" data-block-id=\"683150d\"><style>.stk-683150d{margin-bottom:26px !important}.stk-683150d-column{--stk-column-gap:18px !important}<\/style><div class=\"stk-row stk-inner-blocks stk-block-content stk-content-align stk-683150d-column\">\n<div class=\"wp-block-stackable-column stk-block-column stk-column stk-block stk-a629697\" data-v=\"4\" data-block-id=\"a629697\"><div class=\"stk-column-wrapper stk-block-column__content stk-container stk-a629697-container stk--no-background stk--no-padding\"><div class=\"stk-block-content stk-inner-blocks stk-a629697-inner-blocks\">\n<div class=\"wp-block-stackable-columns stk-block-columns stk-block stk-3580c87\" data-block-id=\"3580c87\"><div class=\"stk-row stk-inner-blocks stk-block-content stk-content-align stk-3580c87-column\">\n<div class=\"wp-block-stackable-column stk-block-column stk-column stk-block stk-e452457\" data-v=\"4\" data-block-id=\"e452457\"><div class=\"stk-column-wrapper stk-block-column__content stk-container stk-e452457-container stk--no-background stk--no-padding\"><div class=\"stk-block-content stk-inner-blocks stk-e452457-inner-blocks\">\n<div class=\"wp-block-stackable-text stk-block-text stk-block stk-fe9ba62\" data-block-id=\"fe9ba62\"><p class=\"stk-block-text__text\"><\/p><\/div>\n<\/div><\/div><\/div>\n<\/div><\/div>\n<\/div><\/div><\/div>\n<\/div><\/div>\n\n\n\n<div class=\"wp-block-stackable-call-to-action alignfull stk-block-call-to-action stk-block stk-820ecf8 stk-block-background stk--has-background-overlay\" data-v=\"2\" data-block-id=\"820ecf8\"><style>.stk-820ecf8-inner-blocks{align-items:center !important}.stk-820ecf8{background-color:linear-gradient(90deg,#006ba1 0%,#7bdcb5 100%) !important;background-image:url(https:\/\/micalemillingtoolsve.com\/wp-content\/uploads\/2024\/06\/IMG-20240622-WA0005.webp) !important;min-height:400px !important;align-items:center !important;margin-bottom:0px !important;display:flex !important}.stk-820ecf8:before{opacity:0.5 !important;background-image:linear-gradient(90deg,#006ba1 0%,#7bdcb5 100%) !important}<\/style><div class=\"stk-block-call-to-action__content stk-content-align stk-820ecf8-column alignfull stk-container stk-820ecf8-container stk--no-background stk--no-padding\"><div class=\"has-text-align-center stk--column-flex stk-block-content stk-inner-blocks stk-820ecf8-inner-blocks\">\n<div class=\"wp-block-stackable-heading stk-block-heading stk-block-heading--v2 stk-block stk-4fcdf62\" id=\"con-mas-de-20-anos-de-experiencia\" data-block-id=\"4fcdf62\"><style>.stk-4fcdf62{margin-bottom:0px !important}.stk-4fcdf62 .stk-block-heading__text{font-size:47px !important;color:#FFFFFF !important;font-weight:600 !important;font-family:\"Lato\",Sans-serif !important}.stk-4fcdf62 .stk-block-heading__top-line{height:3px !important}@media screen and (max-width:999px){.stk-4fcdf62 .stk-block-heading__text{font-size:47px !important}}@media screen and (max-width:689px){.stk-4fcdf62 .stk-block-heading__text{font-size:28px !important}}<\/style><h3 class=\"stk-block-heading__text has-text-color has-white-color\">WITH MORE THAN 20 YEARS OF EXPERIENCE<\/h3><\/div>\n\n\n\n<div class=\"wp-block-stackable-text stk-block-text stk-block stk-eb0fe6c\" data-block-id=\"eb0fe6c\"><style>.stk-eb0fe6c .stk-block-text__text{font-size:17px !important;color:#FFFFFF !important}@media screen and (max-width:999px){.stk-eb0fe6c .stk-block-text__text{font-size:17px !important}}<\/style><p class=\"stk-block-text__text has-text-color has-white-color\">We are suppliers of high quality industrial tools<\/p><\/div>\n\n\n\n<div class=\"wp-block-stackable-button-group stk-block-button-group stk-block stk-7e0f853\" data-block-id=\"7e0f853\"><div class=\"stk-row stk-inner-blocks stk-block-content stk-button-group\">\n<div class=\"wp-block-stackable-button stk-block-button stk-block stk-a2437ad\" data-block-id=\"a2437ad\"><style>.stk-a2437ad:hover{opacity:0.8 !important}.stk-a2437ad .stk-button{padding-right:24px !important;padding-left:24px !important;background:#26076f !important;border-top-left-radius:50px !important;border-top-right-radius:50px !important;border-bottom-right-radius:50px !important;border-bottom-left-radius:50px !important}.stk-a2437ad .stk-button__inner-text{color:var(--theme-palette-color-8,#ffffff) !important}<\/style><a class=\"stk-link stk-button stk--hover-effect-darken\" href=\"https:\/\/micalemillingtoolsve.com\/en\/contacto\/\" target=\"_blank\" rel=\"noreferrer noopener\"><span class=\"has-text-color has-black-color stk-button__inner-text\">Go to Contact..<\/span><\/a><\/div>\n<\/div><\/div>\n<\/div><\/div><\/div>","protected":false},"excerpt":{"rendered":"<p>Visi\u00f3n \u201cSer la empresa m\u00e1s grande y consolidada a nivel nacional e internacional, llegando a ser los principales proveedores de herramientas industriales de gran calidad\u201d Misi\u00f3n Satisfacer las necesidades de los clientes, mejorando los est\u00e1ndares de producci\u00f3n d\u00eda a d\u00eda. CON MAS DE 20 A\u00d1OS DE EXPERIENCIA Somos proveedores de herramientas industriales de gran calidad [&hellip;]<\/p>","protected":false},"author":1,"featured_media":0,"parent":0,"menu_order":0,"comment_status":"closed","ping_status":"closed","template":"","meta":{"om_disable_all_campaigns":false,"_monsterinsights_skip_tracking":false,"_monsterinsights_sitenote_active":false,"_monsterinsights_sitenote_note":"","_monsterinsights_sitenote_category":0,"footnotes":""},"blocksy_meta":{"disable_header":"no","styles_descriptor":{"styles":{"desktop":"[data-prefix=\"single_page\"] .entry-header .page-title {--theme-font-size:47px;} [data-prefix=\"single_page\"] .entry-header .entry-meta {--theme-font-weight:600;--theme-text-transform:uppercase;--theme-font-size:12px;--theme-line-height:1.3;} [data-prefix=\"single_page\"] .entry-header .ct-breadcrumbs {--theme-text-color:var(--theme-palette-color-6);} [data-prefix=\"single_page\"] .hero-section[data-type=\"type-2\"] {--min-height:0px;background-color:#134e89;background-image:none;--container-padding:30px 0px;} [data-prefix=\"single_page\"] .hero-section[data-type=\"type-2\"] > figure .ct-media-container:after {background-color:rgba(18, 21, 26, 0.25);} [data-prefix=\"single_page\"] {background-color:rgba(214, 210, 210, 0.57);background-image:none;} [data-prefix=\"single_page\"] [class*=\"ct-container\"] > article[class*=\"post\"] {--has-boxed:var(--false);--has-wide:var(--true);}","tablet":"","mobile":""},"google_fonts":[],"version":6},"background":{"desktop":{"background_type":"color","background_pattern":"type-1","background_image":{"attachment_id":null,"x":0,"y":0},"gradient":"linear-gradient(135deg,rgba(6,147,227,1) 0%,rgb(155,81,224) 100%)","background_repeat":"repeat","background_size":"auto","background_attachment":"scroll","patternColor":{"default":{"color":"#e5e7ea"}},"overlayColor":{"default":{"color":"CT_CSS_SKIP_RULE"}},"backgroundColor":{"default":{"color":"rgba(214, 210, 210, 0.57)"}}},"tablet":{"background_type":"color","background_pattern":"type-1","background_image":{"attachment_id":null,"x":0,"y":0},"gradient":"linear-gradient(135deg,rgba(6,147,227,1) 0%,rgb(155,81,224) 100%)","background_repeat":"repeat","background_size":"auto","background_attachment":"scroll","patternColor":{"default":{"color":"#e5e7ea"}},"overlayColor":{"default":{"color":"CT_CSS_SKIP_RULE"}},"backgroundColor":{"default":{"color":"rgba(214, 210, 210, 0.57)"}}},"mobile":{"background_type":"color","background_pattern":"type-1","background_image":{"attachment_id":null,"x":0,"y":0},"gradient":"linear-gradient(135deg,rgba(6,147,227,1) 0%,rgb(155,81,224) 100%)","background_repeat":"repeat","background_size":"auto","background_attachment":"scroll","patternColor":{"default":{"color":"#e5e7ea"}},"overlayColor":{"default":{"color":"CT_CSS_SKIP_RULE"}},"backgroundColor":{"default":{"color":"rgba(214, 210, 210, 0.57)"}}}},"page_structure_type":"type-4","has_hero_section":"enabled","hero_elements":[{"id":"custom_title","enabled":true,"heading_tag":"h1","title":"Inicio","__id":"g_N8fPgsIGk1IxiUKiJW_"},{"id":"custom_description","enabled":false,"description_visibility":{"desktop":true,"tablet":true,"mobile":false},"__id":"T_GCRyatHqdZA7KRhbgHW"},{"id":"custom_meta","enabled":false,"meta_elements":[{"id":"author","enabled":true,"label":"Por","has_author_avatar":"yes","avatar_size":25},{"id":"post_date","enabled":true,"label":"El","date_format_source":"default","date_format":"M j, Y"},{"id":"updated_date","enabled":false,"label":"El","date_format_source":"default","date_format":"M j, Y"},{"id":"categories","enabled":false,"label":"En","style":"simple"},{"id":"comments","enabled":true}],"page_meta_elements":{"joined":true,"articles_count":true,"comments":true},"__id":"5Z1GjMHimnltlnzlrhABM"},{"id":"breadcrumbs","enabled":true,"__id":"C_dM3sxzNWHRh0ch5Fy-d"}],"hero_section":"type-2","content_style_source":"custom","vertical_spacing_source":"inherit","page_title_bg_type":"color","custom_hero_background":{"attachment_id":null,"url":null},"hero_height":{"desktop":"0px","tablet":"0px","mobile":"0px"},"breadcrumbsFontColor":{"default":{"color":"var(--theme-palette-color-6)"},"initial":{"color":"CT_CSS_SKIP_RULEDEFAULT"},"hover":{"color":"CT_CSS_SKIP_RULEDEFAULT"}},"pageTitleOverlay":{"background_type":"color","background_pattern":"type-1","background_image":{"attachment_id":null,"x":0,"y":0},"gradient":"linear-gradient(135deg,rgba(6,147,227,1) 0%,rgb(155,81,224) 100%)","background_repeat":"repeat","background_size":"auto","background_attachment":"scroll","patternColor":{"default":{"color":"#e5e7ea"}},"overlayColor":{"default":{"color":"CT_CSS_SKIP_RULE"}},"backgroundColor":{"default":{"color":"rgba(18, 21, 26, 0.25)"}}},"hero_alignment1":{"desktop":"center","tablet":"center","mobile":"center"},"hero_margin":{"desktop":"46px","tablet":"60px","mobile":"19px","__changed":["tablet","mobile"]},"pageTitleBackground":{"background_type":"color","background_pattern":"type-1","background_image":{"attachment_id":null,"x":0,"y":0},"gradient":"linear-gradient(135deg,rgba(6,147,227,1) 0%,rgb(155,81,224) 100%)","background_repeat":"repeat","background_size":"auto","background_attachment":"scroll","patternColor":{"default":{"color":"#e5e7ea"}},"overlayColor":{"default":{"color":"CT_CSS_SKIP_RULE"}},"backgroundColor":{"default":{"color":"#134e89"}}},"pageTitleFont":{"family":"Default","variation":"Default","size":{"desktop":"47px","tablet":"47px","mobile":"47px"},"line-height":"CT_CSS_SKIP_RULE","letter-spacing":"CT_CSS_SKIP_RULE","text-transform":"CT_CSS_SKIP_RULE","text-decoration":"CT_CSS_SKIP_RULE"},"breadcrumbsFont":{"family":"Default","variation":"Default","size":{"desktop":"12px","tablet":"12px","mobile":"12px"},"line-height":"CT_CSS_SKIP_RULE","letter-spacing":"CT_CSS_SKIP_RULE","text-transform":"CT_CSS_SKIP_RULE","text-decoration":"CT_CSS_SKIP_RULE"},"pageTitlePadding":{"desktop":{"state":1,"values":[{"value":"30","unit":"px"},{"value":"auto","unit":""},{"value":"30","unit":"px"},{"value":"auto","unit":""}],"custom":""},"tablet":{"state":1,"values":[{"value":"30","unit":"px"},{"value":"auto","unit":""},{"value":"30","unit":"px"},{"value":"auto","unit":""}],"custom":""},"mobile":{"state":1,"values":[{"value":"30","unit":"px"},{"value":"auto","unit":""},{"value":"30","unit":"px"},{"value":"auto","unit":""}],"custom":""}}},"aioseo_notices":[],"_links":{"self":[{"href":"https:\/\/micalemillingtoolsve.com\/en\/wp-json\/wp\/v2\/pages\/19"}],"collection":[{"href":"https:\/\/micalemillingtoolsve.com\/en\/wp-json\/wp\/v2\/pages"}],"about":[{"href":"https:\/\/micalemillingtoolsve.com\/en\/wp-json\/wp\/v2\/types\/page"}],"author":[{"embeddable":true,"href":"https:\/\/micalemillingtoolsve.com\/en\/wp-json\/wp\/v2\/users\/1"}],"replies":[{"embeddable":true,"href":"https:\/\/micalemillingtoolsve.com\/en\/wp-json\/wp\/v2\/comments?post=19"}],"version-history":[{"count":35,"href":"https:\/\/micalemillingtoolsve.com\/en\/wp-json\/wp\/v2\/pages\/19\/revisions"}],"predecessor-version":[{"id":1464,"href":"https:\/\/micalemillingtoolsve.com\/en\/wp-json\/wp\/v2\/pages\/19\/revisions\/1464"}],"wp:attachment":[{"href":"https:\/\/micalemillingtoolsve.com\/en\/wp-json\/wp\/v2\/media?parent=19"}],"curies":[{"name":"wp","href":"https:\/\/api.w.org\/{rel}","templated":true}]}}