{"id":21,"date":"2024-06-15T08:19:44","date_gmt":"2024-06-15T12:19:44","guid":{"rendered":"https:\/\/micalemillingtoolsve.com\/?page_id=21"},"modified":"2026-04-20T10:30:49","modified_gmt":"2026-04-20T14:30:49","slug":"contacto","status":"publish","type":"page","link":"https:\/\/micalemillingtoolsve.com\/en\/contacto\/","title":{"rendered":"CONTACT"},"content":{"rendered":"<div class=\"wp-block-group alignfull is-layout-constrained wp-block-group-is-layout-constrained\" style=\"padding-top:var(--wp--preset--spacing--40);padding-right:var(--wp--preset--spacing--30);padding-bottom:var(--wp--preset--spacing--40);padding-left:var(--wp--preset--spacing--30)\">\n<div class=\"wp-block-stackable-heading stk-block-heading stk-block-heading--v2 stk-block stk-e124892 stk-block-background\" id=\"estamos-a-tu-disposicion-para-cualquier-pregunta\" data-block-id=\"e124892\"><style>.stk-e124892 {background-color:#120d2efc !important;max-width:1500px !important;min-width:auto !important;margin-top:-1px !important;margin-bottom:0px !important;}.stk-e124892:before{background-color:#120d2efc !important;}.stk-e124892 .stk-block-heading__text{color:var(--theme-palette-color-6, #f9fafb) !important;}@media screen and (max-width:689px){.stk-e124892 .stk-block-heading__text{font-size:23px !important;}}<\/style><h2 class=\"stk-block-heading__text has-text-color has-text-align-center\">If you have any questions, we are available to assist you.<\/h2><\/div>\n\n\n\n<div style=\"height:10px\" aria-hidden=\"true\" class=\"wp-block-spacer\"><\/div>\n\n\n\n<div class=\"wp-block-stackable-columns alignwide stk-block-columns stk-block stk-9a0cb42\" data-block-id=\"9a0cb42\"><style>.stk-9a0cb42 {max-width:1500px !important;min-width:auto !important;margin-bottom:-63px !important;margin-left:85px !important;}.stk-9a0cb42-column{max-width:1439px !important;min-width:auto !important;}<\/style><div class=\"stk-row stk-inner-blocks stk-block-content stk-content-align stk-9a0cb42-column alignwide\">\n<div class=\"wp-block-stackable-column stk-block-column stk-column stk-block stk-3b23e29\" data-v=\"4\" data-block-id=\"3b23e29\"><div class=\"stk-column-wrapper stk-block-column__content stk-container stk-3b23e29-container stk--no-background stk--no-padding\"><div class=\"stk-block-content stk-inner-blocks stk-3b23e29-inner-blocks\"><\/div><\/div><\/div>\n<\/div><\/div>\n<\/div>\n\n\n\n<div class=\"wp-block-stackable-columns stk-block-columns stk-block stk-3a1dca8\" data-block-id=\"3a1dca8\"><style>@media screen and (max-width:999px){.stk-3a1dca8 {margin-bottom:0px !important;}}<\/style><div class=\"stk-row stk-inner-blocks stk-block-content stk-content-align stk-3a1dca8-column\">\n<div class=\"wp-block-stackable-column stk-block-column stk-column stk-block stk-577836a\" data-v=\"4\" data-block-id=\"577836a\"><style>.stk-577836a-container{min-height:327px !important;}@media screen and (min-width:690px){.stk-577836a {flex:var(--stk-flex-grow, 1) 1 66.7% !important;}}<\/style><div class=\"stk-column-wrapper stk-block-column__content stk-container stk-577836a-container stk--no-background stk--no-padding\"><div class=\"stk-block-content stk-inner-blocks stk-577836a-inner-blocks\">\n<div class=\"wp-block-stackable-map stk-block-map stk-block stk-a0c20c6\" data-block-id=\"a0c20c6\"><iframe\n\t\t\t\t\t\ttitle=\"Embedded content from Google Maps Platform.\"\n\t\t\t\t\t\tsrc=\"https:\/\/maps.google.com\/maps?q=micale milling tools&#038;t=&#038;z=15&#038;ie=UTF8&#038;output=embed\"\n\t\t\t\t\t\tstyle=\"border:0;width:100%;max-width:none;max-height:none;height:100%;\"\n\t\t\t\t\t\taria-hidden=\"false\"\n\t\t\t\t\t\ttabindex=\"0\"\n\t\t\t\t\t\tallowfullscreen\n\t\t\t\t\t\tloading=\"lazy\"\n\t\t\t\t\t\tframeborder=\"0\"\n\t\t\t\t\t><\/iframe><\/div>\n<\/div><\/div><\/div>\n\n\n\n<div class=\"wp-block-stackable-column stk-block-column stk-column stk-block stk-5b231c8 stk-block-background\" data-v=\"4\" data-block-id=\"5b231c8\"><style>.stk-5b231c8 {background-color:#abb8c3 !important;}.stk-5b231c8:before{background-color:#abb8c3 !important;}@media screen and (min-width:690px){.stk-5b231c8 {flex:var(--stk-flex-grow, 1) 1 33.3% !important;}}<\/style><div class=\"stk-column-wrapper stk-block-column__content stk-container stk-5b231c8-container stk--no-background stk--no-padding\"><div class=\"stk-block-content stk-inner-blocks stk-5b231c8-inner-blocks\">\n<div class=\"wp-block-stackable-heading stk-block-heading stk-block-heading--v2 stk-block stk-973df62\" id=\"informacion-de-contacto\" data-block-id=\"973df62\"><style>.stk-973df62 {margin-bottom:34px !important;}.stk-973df62 .stk-block-heading__text{font-size:23px !important;color:var(--theme-palette-color-3, #504e4a) !important;}@media screen and (max-width:999px){.stk-973df62 .stk-block-heading__text{font-size:23px !important;}}<\/style><h1 class=\"stk-block-heading__text has-text-color has-text-align-center\">Contact information<\/h1><\/div>\n\n\n\n<div class=\"wp-block-stackable-columns stk-block-columns stk-block stk-b5aa65f\" data-block-id=\"b5aa65f\"><style>.stk-b5aa65f {margin-bottom:0px !important;}<\/style><div class=\"stk-row stk-inner-blocks stk-block-content stk-content-align stk-b5aa65f-column\">\n<div class=\"wp-block-stackable-column stk-block-column stk-column stk-block stk-c04f54c\" data-v=\"4\" data-block-id=\"c04f54c\"><div class=\"stk-column-wrapper stk-block-column__content stk-container stk-c04f54c-container stk--no-background stk--no-padding\"><div class=\"stk-block-content stk-inner-blocks stk-c04f54c-inner-blocks\">\n<div class=\"wp-block-group is-layout-constrained wp-block-group-is-layout-constrained\">\n<div class=\"wp-block-stackable-icon-label stk-block-icon-label stk-block stk-8dbce99\" data-block-id=\"8dbce99\"><style>.stk-8dbce99 .stk-inner-blocks{gap:37px !important;}@media screen and (max-width:999px){.stk-8dbce99 .stk-inner-blocks{gap:37px !important;}}@media screen and (max-width:689px){.stk-8dbce99 .stk-inner-blocks{gap:37px !important;}}<\/style><div class=\"stk-row stk-inner-blocks stk-block-content\">\n<div class=\"wp-block-stackable-icon stk-block-icon has-text-align-left stk-block stk-410621b\" data-block-id=\"410621b\"><style>.stk-410621b .stk--svg-wrapper .stk--inner-svg svg:last-child{height:27px !important;width:27px !important;}.stk-410621b .stk--svg-wrapper .stk--inner-svg svg:last-child, .stk-410621b .stk--svg-wrapper .stk--inner-svg svg:last-child :is(g, path, rect, polygon, ellipse){fill:var(--theme-palette-color-3, #504e4a) !important;}<\/style><span class=\"stk--svg-wrapper\"><div class=\"stk--inner-svg\"><svg style=\"height:0;width:0\"><defs><lineargradient id=\"linear-gradient-410621b\" x1=\"0\" x2=\"100%\" y1=\"0\" y2=\"0\"><stop offset=\"0%\" style=\"stop-opacity:1;stop-color:var(--linear-gradient-410621-b-color-1)\"><\/stop><stop offset=\"100%\" style=\"stop-opacity:1;stop-color:var(--linear-gradient-410621-b-color-2)\"><\/stop><\/lineargradient><\/defs><\/svg><svg xmlns=\"http:\/\/www.w3.org\/2000\/svg\" viewbox=\"0 0 384 512\" aria-hidden=\"true\" width=\"32\" height=\"32\"><path d=\"M215.7 499.2C267 435 384 279.4 384 192C384 86 298 0 192 0S0 86 0 192c0 87.4 117 243 168.3 307.2c12.3 15.3 35.1 15.3 47.4 0zM192 128a64 64 0 1 1 0 128 64 64 0 1 1 0-128z\"><\/path><\/svg><\/div><\/span><\/div>\n\n\n\n<div class=\"wp-block-stackable-heading stk-block-heading stk-block-heading--v2 stk-block stk-e091153\" id=\"calle-mexico-sector-chaparral-galpon-n-1-anaco-6003-anzoategui\" data-block-id=\"e091153\"><style>.stk-e091153 .stk-block-heading__text{font-size:17px !important;color:var(--theme-palette-color-3, #504e4a) !important;}@media screen and (max-width:999px){.stk-e091153 .stk-block-heading__text{font-size:10px !important;}}@media screen and (max-width:689px){.stk-e091153 .stk-block-heading__text{font-size:14px !important;}}<\/style><h4 class=\"stk-block-heading__text has-text-color\">Calle M\u00e9xico, sector Chaparral, galp\u00f3n N\u00aa 1, Anaco 6003, Anzo\u00e1tegui<\/h4><\/div>\n<\/div><\/div>\n<\/div>\n<\/div><\/div><\/div>\n<\/div><\/div>\n\n\n\n<div class=\"wp-block-stackable-icon-label stk-block-icon-label stk-block stk-3436df8\" data-block-id=\"3436df8\"><style>.stk-3436df8 .stk-inner-blocks{gap:43px !important;}.stk-3436df8 {margin-bottom:10px !important;}@media screen and (max-width:999px){.stk-3436df8 .stk-inner-blocks{gap:43px !important;}}@media screen and (max-width:689px){.stk-3436df8 .stk-inner-blocks{gap:43px !important;}}<\/style><div class=\"stk-row stk-inner-blocks stk-block-content\">\n<div class=\"wp-block-stackable-icon stk-block-icon has-text-align-left stk-block stk-7f46e71\" data-block-id=\"7f46e71\"><style>.stk-7f46e71 .stk--svg-wrapper .stk--inner-svg svg:last-child{height:21px !important;width:21px !important;}.stk-7f46e71 .stk--svg-wrapper .stk--inner-svg svg:last-child, .stk-7f46e71 .stk--svg-wrapper .stk--inner-svg svg:last-child :is(g, path, rect, polygon, ellipse){fill:var(--theme-palette-color-3, #504e4a) !important;}<\/style><span class=\"stk--svg-wrapper\"><div class=\"stk--inner-svg\"><svg style=\"height:0;width:0\"><defs><lineargradient id=\"linear-gradient-7f46e71\" x1=\"0\" x2=\"100%\" y1=\"0\" y2=\"0\"><stop offset=\"0%\" style=\"stop-opacity:1;stop-color:var(--linear-gradient-7-f-46-e-71-color-1)\"><\/stop><stop offset=\"100%\" style=\"stop-opacity:1;stop-color:var(--linear-gradient-7-f-46-e-71-color-2)\"><\/stop><\/lineargradient><\/defs><\/svg><svg xmlns=\"http:\/\/www.w3.org\/2000\/svg\" viewbox=\"0 0 512 512\" aria-hidden=\"true\" width=\"32\" height=\"32\"><path d=\"M64 112c-8.8 0-16 7.2-16 16v22.1L220.5 291.7c20.7 17 50.4 17 71.1 0L464 150.1V128c0-8.8-7.2-16-16-16H64zM48 212.2V384c0 8.8 7.2 16 16 16H448c8.8 0 16-7.2 16-16V212.2L322 328.8c-38.4 31.5-93.7 31.5-132 0L48 212.2zM0 128C0 92.7 28.7 64 64 64H448c35.3 0 64 28.7 64 64V384c0 35.3-28.7 64-64 64H64c-35.3 0-64-28.7-64-64V128z\"><\/path><\/svg><\/div><\/span><\/div>\n\n\n\n<div class=\"wp-block-stackable-heading stk-block-heading stk-block-heading--v2 stk-block stk-fb89398\" id=\"micalemt-ca-gmail-com\" data-block-id=\"fb89398\"><style>.stk-fb89398 .stk-block-heading__text{font-size:18px !important;color:var(--theme-palette-color-3, #504e4a) !important;}@media screen and (max-width:999px){.stk-fb89398 .stk-block-heading__text{font-size:15px !important;}}@media screen and (max-width:689px){.stk-fb89398 .stk-block-heading__text{font-size:16px !important;}}<\/style><h4 class=\"stk-block-heading__text has-text-color\">micalemt.ca@gmail.com<\/h4><\/div>\n<\/div><\/div>\n\n\n\n<div class=\"wp-block-stackable-icon-label stk-block-icon-label stk-block stk-685626a\" data-block-id=\"685626a\"><style>.stk-685626a .stk-inner-blocks{gap:42px !important;}@media screen and (max-width:999px){.stk-685626a .stk-inner-blocks{gap:42px !important;}}@media screen and (max-width:689px){.stk-685626a .stk-inner-blocks{gap:42px !important;}}<\/style><div class=\"stk-row stk-inner-blocks stk-block-content\">\n<div class=\"wp-block-stackable-icon stk-block-icon has-text-align-left stk-block stk-684f52c\" data-block-id=\"684f52c\"><style>.stk-684f52c .stk--svg-wrapper .stk--inner-svg svg:last-child{height:22px !important;width:22px !important;}.stk-684f52c .stk--svg-wrapper .stk--inner-svg svg:last-child, .stk-684f52c .stk--svg-wrapper .stk--inner-svg svg:last-child :is(g, path, rect, polygon, ellipse){fill:var(--theme-palette-color-3, #504e4a) !important;}<\/style><span class=\"stk--svg-wrapper\"><div class=\"stk--inner-svg\"><svg style=\"height:0;width:0\"><defs><lineargradient id=\"linear-gradient-684f52c\" x1=\"0\" x2=\"100%\" y1=\"0\" y2=\"0\"><stop offset=\"0%\" style=\"stop-opacity:1;stop-color:var(--linear-gradient-684-f-52-c-color-1)\"><\/stop><stop offset=\"100%\" style=\"stop-opacity:1;stop-color:var(--linear-gradient-684-f-52-c-color-2)\"><\/stop><\/lineargradient><\/defs><\/svg><svg xmlns=\"http:\/\/www.w3.org\/2000\/svg\" viewbox=\"0 0 512 512\" aria-hidden=\"true\" width=\"32\" height=\"32\"><path d=\"M164.9 24.6c-7.7-18.6-28-28.5-47.4-23.2l-88 24C12.1 30.2 0 46 0 64C0 311.4 200.6 512 448 512c18 0 33.8-12.1 38.6-29.5l24-88c5.3-19.4-4.6-39.7-23.2-47.4l-96-40c-16.3-6.8-35.2-2.1-46.3 11.6L304.7 368C234.3 334.7 177.3 277.7 144 207.3L193.3 167c13.7-11.2 18.4-30 11.6-46.3l-40-96z\"><\/path><\/svg><\/div><\/span><\/div>\n\n\n\n<div class=\"wp-block-stackable-heading stk-block-heading stk-block-heading--v2 stk-block stk-19777ae\" id=\"0282-4247413\" data-block-id=\"19777ae\"><style>.stk-19777ae .stk-block-heading__text{font-size:22px !important;color:var(--theme-palette-color-3, #504e4a) !important;}@media screen and (max-width:999px){.stk-19777ae .stk-block-heading__text{font-size:16px !important;}}<\/style><h4 class=\"stk-block-heading__text has-text-color has-text-align-left\">0282-4247413<\/h4><\/div>\n<\/div><\/div>\n<\/div><\/div><\/div>\n<\/div><\/div>\n\n\n\n<div class=\"wp-block-stackable-columns stk-block-columns stk-block stk-49450b8\" data-block-id=\"49450b8\"><div class=\"stk-row stk-inner-blocks stk-block-content stk-content-align stk-49450b8-column\">\n<div class=\"wp-block-stackable-column stk-block-column stk-column stk-block stk-e9ce259\" data-v=\"4\" data-block-id=\"e9ce259\"><div class=\"stk-column-wrapper stk-block-column__content stk-container stk-e9ce259-container stk--no-background stk--no-padding\"><div class=\"stk-block-content stk-inner-blocks stk-e9ce259-inner-blocks\">\n<div class=\"wp-block-stackable-heading stk-block-heading stk-block-heading--v2 stk-block stk-6bf9a3c stk-block-background\" id=\"si-no-existe-lo-creamos-para-ti\" data-block-id=\"6bf9a3c\"><style>.stk-6bf9a3c {background-color:#120d2efc !important;}.stk-6bf9a3c:before{background-color:#120d2efc !important;}.stk-6bf9a3c .stk-block-heading__text{font-size:28px !important;color:var(--theme-palette-color-8, #ffffff) !important;}@media screen and (max-width:999px){.stk-6bf9a3c .stk-block-heading__text{font-size:28px !important;}}@media screen and (max-width:689px){.stk-6bf9a3c .stk-block-heading__text{font-size:22px !important;}}<\/style><h2 class=\"stk-block-heading__text has-text-color has-text-align-center\">IF IT DOESN'T EXIST, WE CREATE IT FOR YOU!<\/h2><\/div>\n<\/div><\/div><\/div>\n<\/div><\/div>\n\n\n\n<div class=\"wp-block-stackable-columns stk-block-columns stk-block stk-448d89c\" data-block-id=\"448d89c\"><div class=\"stk-row stk-inner-blocks stk-block-content stk-content-align stk-448d89c-column\">\n<div class=\"wp-block-stackable-column stk-block-column stk-column stk-block stk-9be2049\" data-v=\"4\" data-block-id=\"9be2049\"><div class=\"stk-column-wrapper stk-block-column__content stk-container stk-9be2049-container stk--no-background stk--no-padding\"><div class=\"stk-block-content stk-inner-blocks stk-9be2049-inner-blocks\"><div class=\"wpforms-container wpforms-container-full wpforms-block wpforms-block-cda37a4a-63ca-4c7e-af45-6eeeeb012782 wpforms-render-modern\" id=\"wpforms-67\"><form id=\"wpforms-form-67\" class=\"wpforms-validate wpforms-form wpforms-ajax-form\" data-formid=\"67\" method=\"post\" enctype=\"multipart\/form-data\" action=\"\/en\/wp-json\/wp\/v2\/pages\/21\" data-token=\"603c5d8c779c7b9aea0c0a8fc7ec1da8\" data-token-time=\"1778780296\" data-trp-original-action=\"\/en\/wp-json\/wp\/v2\/pages\/21\"><noscript class=\"wpforms-error-noscript\">Please enable JavaScript in your browser to complete this form.<\/noscript><div id=\"wpforms-error-noscript\" style=\"display: none;\">Please enable JavaScript in your browser to complete this form.<\/div><div class=\"wpforms-field-container\"><div id=\"wpforms-67-field_6-container\" class=\"wpforms-field wpforms-field-name\" data-field-id=\"6\"><fieldset><legend class=\"wpforms-field-label wpforms-label-hide\" aria-hidden=\"false\">Name <span class=\"wpforms-required-label\" aria-hidden=\"true\">*<\/span><\/legend><div class=\"wpforms-field-row wpforms-field-large\"><div class=\"wpforms-field-row-block wpforms-first wpforms-one-half\"><input type=\"text\" id=\"wpforms-67-field_6\" class=\"wpforms-field-name-first wpforms-field-required\" name=\"wpforms[fields][6][first]\" placeholder=\"Name\" aria-errormessage=\"wpforms-67-field_6-error\" required><label for=\"wpforms-67-field_6\" class=\"wpforms-field-sublabel after wpforms-sublabel-hide\">First<\/label><\/div><div class=\"wpforms-field-row-block wpforms-one-half\"><input type=\"text\" id=\"wpforms-67-field_6-last\" class=\"wpforms-field-name-last wpforms-field-required\" name=\"wpforms[fields][6][last]\" placeholder=\"Last Name\" aria-errormessage=\"wpforms-67-field_6-last-error\" required><label for=\"wpforms-67-field_6-last\" class=\"wpforms-field-sublabel after wpforms-sublabel-hide\">Last<\/label><\/div><\/div><\/fieldset><\/div><div id=\"wpforms-67-field_1-container\" class=\"wpforms-field wpforms-field-email wpforms-one-half wpforms-first\" data-field-id=\"1\"><label class=\"wpforms-field-label wpforms-label-hide\" for=\"wpforms-67-field_1\" aria-hidden=\"false\">Email <span class=\"wpforms-required-label\" aria-hidden=\"true\">*<\/span><\/label><input type=\"email\" id=\"wpforms-67-field_1\" class=\"wpforms-field-large wpforms-field-required\" name=\"wpforms[fields][1]\" placeholder=\"Email\" spellcheck=\"false\" aria-errormessage=\"wpforms-67-field_1-error\" required><\/div><div id=\"wpforms-67-field_4-container\" class=\"wpforms-field wpforms-field-text wpforms-one-half\" data-field-id=\"4\"><label class=\"wpforms-field-label wpforms-label-hide\" for=\"wpforms-67-field_4\" aria-hidden=\"false\">Telefono<\/label><input type=\"text\" id=\"wpforms-67-field_4\" class=\"wpforms-field-large\" name=\"wpforms[fields][4]\" placeholder=\"Numero de Tel\u00e8fono\" aria-errormessage=\"wpforms-67-field_4-error\" ><\/div><div id=\"wpforms-67-field_2-container\" class=\"wpforms-field wpforms-field-textarea\" data-field-id=\"2\"><label class=\"wpforms-field-label wpforms-label-hide\" for=\"wpforms-67-field_2\" aria-hidden=\"false\">Mensaje <span class=\"wpforms-required-label\" aria-hidden=\"true\">*<\/span><\/label><textarea id=\"wpforms-67-field_2\" class=\"wpforms-field-large wpforms-field-required\" name=\"wpforms[fields][2]\" aria-errormessage=\"wpforms-67-field_2-error\" required><\/textarea><\/div><\/div><!-- .wpforms-field-container --><div class=\"wpforms-submit-container\" ><input type=\"hidden\" name=\"wpforms[id]\" value=\"67\"><input type=\"hidden\" name=\"page_title\" value=\"\"><input type=\"hidden\" name=\"page_url\" value=\"https:\/\/micalemillingtoolsve.com\/en\/wp-json\/wp\/v2\/pages\/21\"><input type=\"hidden\" name=\"url_referer\" value=\"\"><button type=\"submit\" name=\"wpforms[submit]\" id=\"wpforms-submit-67\" class=\"wpforms-submit\" data-alt-text=\"Enviando...\" data-submit-text=\"Enviar Mensaje\" aria-live=\"assertive\" value=\"wpforms-submit\">Send Message<\/button><img decoding=\"async\" src=\"https:\/\/micalemillingtoolsve.com\/wp-content\/plugins\/wpforms-lite\/assets\/images\/submit-spin.svg\" class=\"wpforms-submit-spinner\" style=\"display: none;\" width=\"26\" height=\"26\" alt=\"Loading\"><\/div><input type=\"hidden\" name=\"trp-form-language\" value=\"en\"\/><\/form><\/div>  <!-- .wpforms-container --><\/div><\/div><\/div>\n<\/div><\/div>","protected":false},"excerpt":{"rendered":"<p>Estamos a tu disposici\u00f3n para cualquier pregunta Informaci\u00f3n de Contacto Calle M\u00e9xico, sector Chaparral, galp\u00f3n N\u00aa 1, Anaco 6003, Anzo\u00e1tegui micalemt.ca@gmail.com 0282-4247413 !SI NO EXISTE LO CREAMOS PARA TI!<\/p>","protected":false},"author":1,"featured_media":0,"parent":0,"menu_order":0,"comment_status":"closed","ping_status":"closed","template":"","meta":{"om_disable_all_campaigns":false,"_monsterinsights_skip_tracking":false,"_monsterinsights_sitenote_active":false,"_monsterinsights_sitenote_note":"","_monsterinsights_sitenote_category":0,"footnotes":""},"blocksy_meta":{"page_structure_type":"default","background":{"desktop":{"background_type":"color","background_pattern":"type-1","background_image":{"attachment_id":null,"x":0,"y":0},"gradient":"linear-gradient(135deg,rgba(6,147,227,1) 0%,rgb(155,81,224) 100%)","background_repeat":"repeat","background_size":"auto","background_attachment":"scroll","patternColor":{"default":{"color":"#e5e7ea"}},"overlayColor":{"default":{"color":"CT_CSS_SKIP_RULE"}},"backgroundColor":{"default":{"color":"#f0f0f0"}}},"tablet":{"background_type":"color","background_pattern":"type-1","background_image":{"attachment_id":null,"x":0,"y":0},"gradient":"linear-gradient(135deg,rgba(6,147,227,1) 0%,rgb(155,81,224) 100%)","background_repeat":"repeat","background_size":"auto","background_attachment":"scroll","patternColor":{"default":{"color":"#e5e7ea"}},"overlayColor":{"default":{"color":"CT_CSS_SKIP_RULE"}},"backgroundColor":{"default":{"color":"#f0f0f0"}}},"mobile":{"background_type":"color","background_pattern":"type-1","background_image":{"attachment_id":null,"x":0,"y":0},"gradient":"linear-gradient(135deg,rgba(6,147,227,1) 0%,rgb(155,81,224) 100%)","background_repeat":"repeat","background_size":"auto","background_attachment":"scroll","patternColor":{"default":{"color":"#e5e7ea"}},"overlayColor":{"default":{"color":"CT_CSS_SKIP_RULE"}},"backgroundColor":{"default":{"color":"#f0f0f0"}}}},"styles_descriptor":{"styles":{"desktop":"[data-prefix=\"single_page\"] .entry-header .page-title {--theme-font-size:40px;} [data-prefix=\"single_page\"] .entry-header .entry-meta {--theme-font-weight:600;--theme-text-transform:uppercase;--theme-font-size:12px;--theme-line-height:1.3;} [data-prefix=\"single_page\"] .entry-header .ct-breadcrumbs {--theme-text-color:var(--theme-palette-color-6);} [data-prefix=\"single_page\"] .hero-section[data-type=\"type-2\"] {--min-height:0px;background-color:#134e89;background-image:none;--container-padding:30px 0px;} [data-prefix=\"single_page\"] .hero-section[data-type=\"type-2\"] > figure .ct-media-container:after {background-color:rgba(18, 21, 26, 0.01);} [data-prefix=\"single_page\"] {background-color:#f0f0f0;background-image:none;} [data-prefix=\"single_page\"] [class*=\"ct-container\"] > article[class*=\"post\"] {--has-boxed:var(--false);--has-wide:var(--true);}","tablet":"","mobile":""},"google_fonts":[],"version":6},"has_hero_section":"enabled","content_style_source":"custom","hero_elements":[{"id":"custom_title","enabled":true,"heading_tag":"h1","title":"Inicio","__id":"1ExREvMxYLd-vUxxl4SfX"},{"id":"custom_description","enabled":false,"description_visibility":{"desktop":true,"tablet":true,"mobile":false},"__id":"hdKMLr1MvvCsVpjiLaqbJ"},{"id":"custom_meta","enabled":false,"meta_elements":[{"id":"author","enabled":true,"label":"Por","has_author_avatar":"yes","avatar_size":25},{"id":"post_date","enabled":true,"label":"El","date_format_source":"default","date_format":"M j, Y"},{"id":"updated_date","enabled":false,"label":"El","date_format_source":"default","date_format":"M j, Y"},{"id":"categories","enabled":false,"label":"En","style":"simple"},{"id":"comments","enabled":true}],"page_meta_elements":{"joined":true,"articles_count":true,"comments":true},"__id":"sVf3pNfoNIF9RIYt_4Od-"},{"id":"breadcrumbs","enabled":true,"__id":"5FlB0o-r1HbghBIFpDo8h"}],"hero_alignment1":{"desktop":"center","tablet":"center","mobile":"center"},"hero_section":"type-2","page_title_bg_type":"custom_image","custom_hero_background":{"attachment_id":null,"url":null},"hero_height":{"desktop":"0px","tablet":"0px","mobile":"0px"},"breadcrumbsFontColor":{"default":{"color":"var(--theme-palette-color-6)"},"initial":{"color":"CT_CSS_SKIP_RULEDEFAULT"},"hover":{"color":"CT_CSS_SKIP_RULEDEFAULT"}},"pageTitleOverlay":{"background_type":"color","background_pattern":"type-1","background_image":{"attachment_id":null,"x":0,"y":0},"gradient":"linear-gradient(135deg,rgba(6,147,227,1) 0%,rgb(155,81,224) 100%)","background_repeat":"repeat","background_size":"auto","background_attachment":"scroll","patternColor":{"default":{"color":"#e5e7ea"}},"overlayColor":{"default":{"color":"CT_CSS_SKIP_RULE"}},"backgroundColor":{"default":{"color":"rgba(18, 21, 26, 0.01)"}}},"pageTitleBackground":{"background_type":"color","background_pattern":"type-1","background_image":{"attachment_id":null,"x":0,"y":0,"url":null},"gradient":"linear-gradient(135deg,rgba(6,147,227,1) 0%,rgb(155,81,224) 100%)","background_repeat":"repeat","background_size":"auto","background_attachment":"scroll","patternColor":{"default":{"color":"#e5e7ea"}},"overlayColor":{"default":{"color":"CT_CSS_SKIP_RULE"}},"backgroundColor":{"default":{"color":"#134e89"}}},"pageTitlePadding":{"desktop":{"state":1,"values":[{"value":"30","unit":"px"},{"value":"auto","unit":""},{"value":"30","unit":"px"},{"value":"auto","unit":""}],"custom":""},"tablet":{"state":1,"values":[{"value":"30","unit":"px"},{"value":"auto","unit":""},{"value":"30","unit":"px"},{"value":"auto","unit":""}],"custom":""},"mobile":{"state":1,"values":[{"value":"30","unit":"px"},{"value":"auto","unit":""},{"value":"30","unit":"px"},{"value":"auto","unit":""}],"custom":""}},"page_title_image_size":"full","hero_margin":{"desktop":"40px","tablet":"40px","mobile":"17px","__changed":["mobile"]},"pageTitleFont":{"family":"Default","variation":"Default","size":{"desktop":"40px","tablet":"40px","mobile":"40px"},"line-height":"CT_CSS_SKIP_RULE","letter-spacing":"CT_CSS_SKIP_RULE","text-transform":"CT_CSS_SKIP_RULE","text-decoration":"CT_CSS_SKIP_RULE"},"breadcrumbsFont":{"family":"Default","variation":"Default","size":{"desktop":"12px","tablet":"12px","mobile":"12px"},"line-height":"CT_CSS_SKIP_RULE","letter-spacing":"CT_CSS_SKIP_RULE","text-transform":"CT_CSS_SKIP_RULE","text-decoration":"CT_CSS_SKIP_RULE"},"vertical_spacing_source":"custom","content_area_spacing":"both"},"aioseo_notices":[],"_links":{"self":[{"href":"https:\/\/micalemillingtoolsve.com\/en\/wp-json\/wp\/v2\/pages\/21"}],"collection":[{"href":"https:\/\/micalemillingtoolsve.com\/en\/wp-json\/wp\/v2\/pages"}],"about":[{"href":"https:\/\/micalemillingtoolsve.com\/en\/wp-json\/wp\/v2\/types\/page"}],"author":[{"embeddable":true,"href":"https:\/\/micalemillingtoolsve.com\/en\/wp-json\/wp\/v2\/users\/1"}],"replies":[{"embeddable":true,"href":"https:\/\/micalemillingtoolsve.com\/en\/wp-json\/wp\/v2\/comments?post=21"}],"version-history":[{"count":33,"href":"https:\/\/micalemillingtoolsve.com\/en\/wp-json\/wp\/v2\/pages\/21\/revisions"}],"predecessor-version":[{"id":1483,"href":"https:\/\/micalemillingtoolsve.com\/en\/wp-json\/wp\/v2\/pages\/21\/revisions\/1483"}],"wp:attachment":[{"href":"https:\/\/micalemillingtoolsve.com\/en\/wp-json\/wp\/v2\/media?parent=21"}],"curies":[{"name":"wp","href":"https:\/\/api.w.org\/{rel}","templated":true}]}}